{"id":593,"date":"2025-09-10T14:47:05","date_gmt":"2025-09-10T14:47:05","guid":{"rendered":"https:\/\/alsunaholding.de\/?page_id=593"},"modified":"2025-11-10T00:15:05","modified_gmt":"2025-11-10T00:15:05","slug":"braeuer-about-page","status":"publish","type":"page","link":"https:\/\/alsunaholding.de\/en\/braeuer-about-page","title":{"rendered":"Dipl.-Wirtsch.-Ing. Heinz Br\u00e4uer"},"content":{"rendered":"<div class=\"br_intro\">\n<div class=\"br_img_container\">\n                <img decoding=\"async\" src=\"https:\/\/alsunaholding.de\/wp-content\/uploads\/2025\/08\/braeuer.png\">\n<\/div>                \n<div class=\"br_intro_text\">\n                    <div class=\"br_intro_header\"><h2>About<\/h2><h1>Dipl.-Wirtsch.-Ing. Heinz Br\u00e4uer<\/h1><\/div>\n                    <p>After studying industrial engineering at the Technical University of Darmstadt, Heinz Br\u00e4uer worked for more than 20 years in a management role for medium-sized management consultancies and investment companies whose shareholders included banks and auditing firms. His move into self-employment as a consulting industrial engineer led him to a company of ALSUNA Holding GmbH as interim manager, where he initially took over the commercial management and then became managing director. After moving to the commercial management of an owner-managed medium-sized company, he returned to ALSUNA Holding GmbH in 2017 and is now responsible for the consulting, investment and support business as its sole managing director. His personal consulting focus is on controlling\/finance, restructuring\/reorganization and investment management.<\/p>\n                <\/div>\n            <\/div>","protected":false},"excerpt":{"rendered":"<p>\u00dcber Dipl.-Wirtsch.-Ing. Heinz Br\u00e4uer Nach dem Studium des Wirtschaftsingenieurwesens an der Technische Hochschule Darmstadt war Heinz Br\u00e4uer mehr als 20 [&hellip;]<\/p>","protected":false},"author":2,"featured_media":0,"parent":0,"menu_order":0,"comment_status":"closed","ping_status":"closed","template":"","meta":{"site-sidebar-layout":"default","site-content-layout":"","ast-site-content-layout":"default","site-content-style":"default","site-sidebar-style":"default","ast-global-header-display":"","ast-banner-title-visibility":"","ast-main-header-display":"","ast-hfb-above-header-display":"","ast-hfb-below-header-display":"","ast-hfb-mobile-header-display":"","site-post-title":"disabled","ast-breadcrumbs-content":"","ast-featured-img":"","footer-sml-layout":"","theme-transparent-header-meta":"","adv-header-id-meta":"","stick-header-meta":"","header-above-stick-meta":"","header-main-stick-meta":"","header-below-stick-meta":"","astra-migrate-meta-layouts":"default","ast-page-background-enabled":"default","ast-page-background-meta":{"desktop":{"background-color":"var(--ast-global-color-5)","background-image":"","background-repeat":"repeat","background-position":"center center","background-size":"auto","background-attachment":"scroll","background-type":"","background-media":"","overlay-type":"","overlay-color":"","overlay-opacity":"","overlay-gradient":""},"tablet":{"background-color":"","background-image":"","background-repeat":"repeat","background-position":"center center","background-size":"auto","background-attachment":"scroll","background-type":"","background-media":"","overlay-type":"","overlay-color":"","overlay-opacity":"","overlay-gradient":""},"mobile":{"background-color":"","background-image":"","background-repeat":"repeat","background-position":"center center","background-size":"auto","background-attachment":"scroll","background-type":"","background-media":"","overlay-type":"","overlay-color":"","overlay-opacity":"","overlay-gradient":""}},"ast-content-background-meta":{"desktop":{"background-color":"var(--ast-global-color-4)","background-image":"","background-repeat":"repeat","background-position":"center center","background-size":"auto","background-attachment":"scroll","background-type":"","background-media":"","overlay-type":"","overlay-color":"","overlay-opacity":"","overlay-gradient":""},"tablet":{"background-color":"var(--ast-global-color-4)","background-image":"","background-repeat":"repeat","background-position":"center center","background-size":"auto","background-attachment":"scroll","background-type":"","background-media":"","overlay-type":"","overlay-color":"","overlay-opacity":"","overlay-gradient":""},"mobile":{"background-color":"var(--ast-global-color-4)","background-image":"","background-repeat":"repeat","background-position":"center center","background-size":"auto","background-attachment":"scroll","background-type":"","background-media":"","overlay-type":"","overlay-color":"","overlay-opacity":"","overlay-gradient":""}},"footnotes":""},"class_list":["post-593","page","type-page","status-publish","hentry"],"_links":{"self":[{"href":"https:\/\/alsunaholding.de\/en\/wp-json\/wp\/v2\/pages\/593","targetHints":{"allow":["GET"]}}],"collection":[{"href":"https:\/\/alsunaholding.de\/en\/wp-json\/wp\/v2\/pages"}],"about":[{"href":"https:\/\/alsunaholding.de\/en\/wp-json\/wp\/v2\/types\/page"}],"author":[{"embeddable":true,"href":"https:\/\/alsunaholding.de\/en\/wp-json\/wp\/v2\/users\/2"}],"replies":[{"embeddable":true,"href":"https:\/\/alsunaholding.de\/en\/wp-json\/wp\/v2\/comments?post=593"}],"version-history":[{"count":6,"href":"https:\/\/alsunaholding.de\/en\/wp-json\/wp\/v2\/pages\/593\/revisions"}],"predecessor-version":[{"id":894,"href":"https:\/\/alsunaholding.de\/en\/wp-json\/wp\/v2\/pages\/593\/revisions\/894"}],"wp:attachment":[{"href":"https:\/\/alsunaholding.de\/en\/wp-json\/wp\/v2\/media?parent=593"}],"curies":[{"name":"wp","href":"https:\/\/api.w.org\/{rel}","templated":true}]}}